{"id":2515,"date":"2023-07-17T08:55:57","date_gmt":"2023-07-17T08:55:57","guid":{"rendered":"https:\/\/seta-doo.ba\/?page_id=2515"},"modified":"2023-07-17T09:03:51","modified_gmt":"2023-07-17T09:03:51","slug":"hr-konsalting","status":"publish","type":"page","link":"https:\/\/seta-doo.ba\/en\/hr-konsalting\/","title":{"rendered":"HR konsalting"},"content":{"rendered":"<section id=\"bt_bb_section69feb8de2d55b\" class=\"bt_bb_section bt_bb_layout_boxed_1200 bt_bb_vertical_align_top bt_bb_bottom_section_coverage_image bt_bb_section_with_bottom_coverage_image bt_bb_section_show_left_boxed_content\" style=\"background-position:left center;background-size:contain;\" data-bt-override-class=\"null\"><div class=\"bt_bb_background_image_holder_wrapper\"><div class=\"bt_bb_background_image_holder btLazyLoadBackground\"  data-background_image_src=\"https:\/\/seta-doo.ba\/wp-content\/uploads\/2019\/04\/bgn-cases-2.png\" data-parallax-zoom-start=\"1\" data-parallax-zoom-end=\"1\" data-parallax-blur-start=\"0\" data-parallax-blur-end=\"0\" data-parallax-opacity-start=\"1\" data-parallax-opacity-end=\"1\" style=\" background-image: url(&#039;https:\/\/seta-doo.ba\/wp-content\/plugins\/bold-page-builder\/img\/blank.gif&#039;);\"><\/div><\/div><div class=\"bt_bb_port\"><div class=\"bt_bb_cell\"><div class=\"bt_bb_cell_inner\"><div class=\"bt_bb_row_wrapper\"><div  class=\"bt_bb_row\"  data-bt-override-class=\"{}\"><div  class=\"bt_bb_column col-xl-6 bt_bb_align_left bt_bb_vertical_align_top bt_bb_animation_fade_in animate bt_bb_padding_double bt_bb_animation_fade_in animate\"  data-width=\"6\" data-bt-override-class=\"{}\"><div class=\"bt_bb_column_content\"><div class=\"bt_bb_separator bt_bb_border_style_none bt_bb_bottom_spacing_medium bt_bb_hidden_md bt_bb_hidden_lg\" data-bt-override-class=\"null\"><\/div><div class=\"bt_bb_separator bt_bb_border_style_none bt_bb_bottom_spacing_large bt_bb_hidden_xs bt_bb_hidden_ms bt_bb_hidden_sm\" data-bt-override-class=\"null\"><\/div><header class=\"bt_bb_headline bt_bb_dash_top bt_bb_superheadline bt_bb_subheadline bt_bb_size_large bt_bb_align_inherit\" data-bt-override-class=\"{}\"><h2 class=\"bt_bb_headline_tag\"><span class=\"bt_bb_headline_superheadline\">Rent &amp;<\/span><span class=\"bt_bb_headline_content\"><span><u>HR<\/u> <b>consulting<\/b><\/span><\/span><\/h2><div class=\"bt_bb_headline_subheadline\">Seta Consulting je lider u pru\u017eanju visokokvalitetnih HR konsultantskih usluga koje vam poma\u017eu da optimizirate ljudske resurse i unaprijedite svoje poslovanje. Na\u0161 tim HR stru\u010dnjaka nudi sveobuhvatnu podr\u0161ku u razli\u010ditim aspektima upravljanja ljudskim resursima, prilago\u0111avaju\u0107i se specifi\u010dnim potrebama va\u0161e organizacije.<\/div><\/header><div class=\"bt_bb_separator bt_bb_border_style_solid bt_bb_top_spacing_normal bt_bb_bottom_spacing_normal\" style=\"; border-width: 2px\" data-bt-override-class=\"null\"><\/div><div class=\"bt_bb_row_wrapper\"><div  class=\"bt_bb_row_inner\"  data-bt-override-class=\"{}\"><div  class=\"bt_bb_column_inner col-xl-12 col-xs-12 col-sm-12 col-md-12 col-lg-12 bt_bb_align_left bt_bb_vertical_align_top\"  data-width=\"12\" data-bt-override-class=\"{}\"><div class=\"bt_bb_column_inner_content\"><div  class=\"bt_bb_text\" ><p>Seta Consulting is your reliable partner when it comes to legal advice. Our team of experienced legal professionals provides a comprehensive legal advisory service that will help you resolve complex legal issues, protect your business and achieve success.<\/p>\n<\/div><div class=\"bt_bb_separator bt_bb_border_style_none bt_bb_bottom_spacing_normal bt_bb_hidden_md bt_bb_hidden_lg\" data-bt-override-class=\"null\"><\/div><\/div><\/div><\/div><\/div><div class=\"bt_bb_separator bt_bb_border_style_none bt_bb_bottom_spacing_medium bt_bb_hidden_md bt_bb_hidden_lg\" data-bt-override-class=\"null\"><\/div><div class=\"bt_bb_separator bt_bb_border_style_none bt_bb_bottom_spacing_large bt_bb_hidden_xs bt_bb_hidden_ms bt_bb_hidden_sm\" data-bt-override-class=\"null\"><\/div><\/div><\/div><div  class=\"bt_bb_column col-xl-6 bt_bb_align_left bt_bb_vertical_align_top bt_bb_padding_normal btLazyLoadBackground bt_bb_column_background_image bt_bb_mobile_align_to_both_edges\" style=\"background-image:url(&#039;https:\/\/seta-doo.ba\/wp-content\/plugins\/bold-page-builder\/img\/blank.gif&#039;);\" data-background_image_src='https:\/\/seta-doo.ba\/wp-content\/uploads\/2023\/07\/hr-konsalting.jpg' data-width=\"6\" data-bt-override-class=\"{}\"><div class=\"bt_bb_column_content\"><div class=\"bt_bb_separator bt_bb_border_style_none bt_bb_top_spacing_extra_large bt_bb_bottom_spacing_extra_large\" data-bt-override-class=\"null\"><\/div><div class=\"bt_bb_separator bt_bb_border_style_none bt_bb_top_spacing_extra_large bt_bb_bottom_spacing_extra_large\" data-bt-override-class=\"null\"><\/div><\/div><\/div><\/div><\/div><\/div><!-- cell_inner --><\/div><!-- cell --><\/div><!-- port --><div class=\"bt_bb_section_bottom_section_coverage_image\"><img decoding=\"async\" src=\"https:\/\/seta-doo.ba\/wp-content\/uploads\/2019\/04\/bgn-quotes-bottom.png\" alt=\"bt_bb_section_bottom_section_coverage_image\" \/><\/div><\/section><section id=\"bt_bb_section69feb8de2e577\" class=\"bt_bb_section bt_bb_layout_boxed_1200 bt_bb_vertical_align_top bt_bb_bottom_section_coverage_image bt_bb_section_with_bottom_coverage_image bt_bb_top_spacing_medium bt_bb_bottom_spacing_large\" style=\";background-color:#f5f5f5;\" data-bt-override-class=\"null\"><div class=\"bt_bb_port\"><div class=\"bt_bb_cell\"><div class=\"bt_bb_cell_inner\"><div class=\"bt_bb_row_wrapper\"><div  class=\"bt_bb_row\"  data-bt-override-class=\"{}\"><div  class=\"bt_bb_column col-xl-6 bt_bb_align_left bt_bb_vertical_align_top bt_bb_animation_fade_in move_up animate bt_bb_padding_normal bt_bb_animation_fade_in bt_bb_animation_move_up animate\"  data-width=\"6\" data-bt-override-class=\"{}\"><div class=\"bt_bb_column_content\"><div class=\"bt_bb_separator bt_bb_border_style_none bt_bb_bottom_spacing_normal bt_bb_hidden_md bt_bb_hidden_lg\" data-bt-override-class=\"null\"><\/div><header class=\"bt_bb_headline bt_bb_dash_top bt_bb_superheadline bt_bb_superheadline_outside bt_bb_size_large bt_bb_align_inherit\" data-bt-override-class=\"{}\"><div class=\"bt_bb_headline_superheadline_outside\"><span class=\"bt_bb_headline_superheadline\">Rent &amp;<\/span><\/div><h2 class=\"bt_bb_headline_tag\"><span class=\"bt_bb_headline_content\"><span><u>Ljudski<\/u> <b>resursi<\/b> <\/span><\/span><\/h2><\/header><div class=\"bt_bb_separator bt_bb_border_style_none bt_bb_bottom_spacing_medium\" data-bt-override-class=\"null\"><\/div><\/div><\/div><div  class=\"bt_bb_column col-xl-6 bt_bb_align_left bt_bb_vertical_align_top bt_bb_padding_normal\"  data-width=\"6\" data-bt-override-class=\"{}\"><div class=\"bt_bb_column_content\"><\/div><\/div><\/div><\/div><div class=\"bt_bb_row_wrapper\"><div  class=\"bt_bb_row\"  data-bt-override-class=\"{}\"><div  class=\"bt_bb_column col-xl-6 col-xs-12 col-sm-6 col-md-6 col-lg-6 bt_bb_align_left bt_bb_vertical_align_top bt_bb_animation_fade_in move_up animate bt_bb_padding_normal bt_bb_animation_fade_in bt_bb_animation_move_up animate\"  data-width=\"6\" data-bt-override-class=\"{}\"><div class=\"bt_bb_column_content\"><div  class=\"bt_bb_text\" ><blockquote>\n<p>Pronalazimo talentovane pojedince za Va\u0161u kompaniju.<\/p>\n<\/blockquote>\n<\/div><div class=\"bt_bb_separator bt_bb_border_style_none bt_bb_bottom_spacing_extra_small\" data-bt-override-class=\"null\"><\/div><div  class=\"bt_bb_text\" ><p>Na\u0161a HR konsultantska usluga pokriva sljede\u0107e klju\u010dne oblasti:<\/p>\n<p>1. Regrutacija i selekcija: Poma\u017eemo vam da identifikujete i privu\u010dete najkvalifikovanije kandidate za va\u0161e otvorene pozicije. Na\u0161 tim \u0107e vam pomo\u0107i da kreirate efikasne oglase za posao, obavite intervjue, provjerite reference i donesete informirane odluke o zapo\u0161ljavanju. Koristimo najbolje prakse i metode kako bismo vam pomogli da izgradite sna\u017ean tim talentiranih i motiviranih zaposlenika.<\/p>\n<p>2. Razvoj i obuka: Podr\u017eavamo vas u identifikaciji programa obuke i razvoja za va\u0161e zaposlene. Izra\u0111ujemo personalizirane planove obuke koji odgovaraju specifi\u010dnim potrebama va\u0161e organizacije. Na\u0161i stru\u010dnjaci \u0107e vam pomo\u0107i da osmislite i implementirate program obuke, kao i da ocijenite rezultate kako biste osigurali postizanje ciljeva obuke.<\/p>\n<\/div><div class=\"bt_bb_separator bt_bb_border_style_none bt_bb_bottom_spacing_small bt_bb_hidden_md bt_bb_hidden_lg\" data-bt-override-class=\"null\"><\/div><\/div><\/div><div  class=\"bt_bb_column col-xl-6 col-xs-12 col-sm-6 col-md-6 col-lg-6 bt_bb_align_left bt_bb_vertical_align_top bt_bb_animation_fade_in move_up animate bt_bb_padding_normal bt_bb_animation_fade_in bt_bb_animation_move_up animate\"  data-width=\"6\" data-bt-override-class=\"{}\"><div class=\"bt_bb_column_content\"><div  class=\"bt_bb_text\" ><p>3. Upravljanje u\u010dinkom: Poma\u017eemo vam da razvijete efektivne sisteme upravljanja u\u010dinkom koji podsti\u010du kontinuirani razvoj i postizanje ciljeva. Pru\u017eamo podr\u0161ku u postavljanju ciljeva, pra\u0107enju u\u010dinka, povratnim informacijama i razvoju karijere zaposlenika. Na\u0161i stru\u010dnjaci \u0107e vam pru\u017eiti alate i metode za mjerenje i procjenu u\u010dinka kako biste identificirali prednosti i podru\u010dja za pobolj\u0161anje.<\/p>\n<p>4. Kompenzacije i beneficije: Pru\u017eamo stru\u010dne savjete o politikama naknada i beneficija kako bismo osigurali pravi\u010dnost i konkurentnost na tr\u017ei\u0161tu rada. Na\u0161 tim \u0107e Vam pomo\u0107i u kreiranju platnih planova, bonusa, beneficija i drugih dodatnih pogodnosti. Tako\u0111er \u0107emo vas podr\u017eati u upravljanju procesom procjene plata i napredovanja.<\/p>\n<p>5. Radno zakonodavstvo i uskla\u0111enost: Svjesni smo slo\u017eenosti radnog zakonodavstva i va\u017enosti uskla\u0111enosti. Pru\u017eamo stru\u010dne savjete o zakonskim zahtjevima i politikama vezanim za radne odnose. Poma\u017eemo vam da se pridr\u017eavate zakona i propisa kako biste izbjegli potencijalne pravne rizike i sporove.<\/p>\n<\/div><div class=\"bt_bb_separator bt_bb_border_style_none bt_bb_bottom_spacing_small bt_bb_hidden_md bt_bb_hidden_lg\" data-bt-override-class=\"null\"><\/div><\/div><\/div><\/div><\/div><div class=\"bt_bb_row_wrapper\"><div  class=\"bt_bb_row\"  data-bt-override-class=\"{}\"><div  class=\"bt_bb_column col-xl-12 bt_bb_align_left bt_bb_vertical_align_top bt_bb_padding_normal\"  data-width=\"12\" data-bt-override-class=\"{}\"><div class=\"bt_bb_column_content\"><div class=\"bt_bb_separator bt_bb_border_style_solid bt_bb_top_spacing_medium bt_bb_bottom_spacing_medium\" style=\"; border-width: 2px\" data-bt-override-class=\"null\"><\/div><\/div><\/div><\/div><\/div><\/div><!-- cell_inner --><\/div><!-- cell --><\/div><!-- port --><div class=\"bt_bb_section_bottom_section_coverage_image\"><img decoding=\"async\" src=\"https:\/\/seta-doo.ba\/wp-content\/uploads\/2019\/04\/bgn-triangle-bottom-2.png\" alt=\"bt_bb_section_bottom_section_coverage_image\" \/><\/div><\/section>","protected":false},"excerpt":{"rendered":"<p>Objectively innovate empowered manufactured products whereas parallel platforms. Holisticly predominate extensible testing procedures for reliable supply chains. Dramatically engage top-line web services vis-a-vis cutting-edge deliverables.<\/p>","protected":false},"author":1,"featured_media":1830,"parent":0,"menu_order":0,"comment_status":"closed","ping_status":"closed","template":"","meta":{"footnotes":""},"class_list":["post-2515","page","type-page","status-publish","has-post-thumbnail","hentry"],"_links":{"self":[{"href":"https:\/\/seta-doo.ba\/en\/wp-json\/wp\/v2\/pages\/2515","targetHints":{"allow":["GET"]}}],"collection":[{"href":"https:\/\/seta-doo.ba\/en\/wp-json\/wp\/v2\/pages"}],"about":[{"href":"https:\/\/seta-doo.ba\/en\/wp-json\/wp\/v2\/types\/page"}],"author":[{"embeddable":true,"href":"https:\/\/seta-doo.ba\/en\/wp-json\/wp\/v2\/users\/1"}],"replies":[{"embeddable":true,"href":"https:\/\/seta-doo.ba\/en\/wp-json\/wp\/v2\/comments?post=2515"}],"version-history":[{"count":3,"href":"https:\/\/seta-doo.ba\/en\/wp-json\/wp\/v2\/pages\/2515\/revisions"}],"predecessor-version":[{"id":2519,"href":"https:\/\/seta-doo.ba\/en\/wp-json\/wp\/v2\/pages\/2515\/revisions\/2519"}],"wp:featuredmedia":[{"embeddable":true,"href":"https:\/\/seta-doo.ba\/en\/wp-json\/wp\/v2\/media\/1830"}],"wp:attachment":[{"href":"https:\/\/seta-doo.ba\/en\/wp-json\/wp\/v2\/media?parent=2515"}],"curies":[{"name":"wp","href":"https:\/\/api.w.org\/{rel}","templated":true}]}}